{"id":13,"date":"2011-04-19T19:31:46","date_gmt":"2011-04-19T19:31:46","guid":{"rendered":"http:\/\/gillgren.se\/?page_id=13"},"modified":"2013-08-18T10:58:01","modified_gmt":"2013-08-18T10:58:01","slug":"spara-sommaren-pa-burk","status":"publish","type":"page","link":"http:\/\/gillgren.se\/?page_id=13","title":{"rendered":"Spara sommaren p\u00e5 burk"},"content":{"rendered":"<h2>Romtopf.<\/h2>\n<p><a href=\"http:\/\/media.gillgren.se\/2011\/04\/romtopf_small.jpg\"><img decoding=\"async\" loading=\"lazy\" class=\"alignnone size-thumbnail wp-image-25\" style=\"margin-right: 2px; margin-left: 2px;\" title=\"OLYMPUS DIGITAL CAMERA\" alt=\"\" src=\"http:\/\/media.gillgren.se\/2011\/04\/romtopf_small-150x150.jpg\" width=\"150\" height=\"150\" \/><\/a><br \/>\nF\u00f6rra \u00e5ret s\u00e5 gjorde\u00a0 jag en s\u00e5 kallad \u201dRomtopf\u201d den \u00e4r j\u00e4tte god att njuta till efterr\u00e4tt i h\u00f6st och\u00a0 vinter.<br \/>\nVad \u00e4r d\u00e5 en \u201dRomtopf\u201d? Jo, man kan v\u00e4l s\u00e4ga att det frukt inlagd i\u00a0 rom helt enkelt. J\u00e4ttegott.<\/p>\n<p>1 kilo frukt t.ex\u00a0 plommon, \u00e4pplen, jordgubbar eller vad du nu gillar. Det g\u00e5r ocks\u00e5 bra att\u00a0 blanda.<br \/>\n4 dl m\u00f6rk rom<br \/>\n4 dl r\u00e5socker<br \/>\n1 vaniljst\u00e5ng<br \/>\n1 tunt skivad\u00a0 lime<\/p>\n<p>1. Sk\u00f6lj halvera\u00a0 och k\u00e4rna ur plommonen<br \/>\n2. Blanda rom och r\u00e5sockret i en stor burk. R\u00f6r tills\u00a0 sockret har l\u00f6st sig.<br \/>\n3. Dela och sk\u00e4r ett snitt i vanlijst\u00e5ngen. Skrapa ut\u00a0 fr\u00f6na. L\u00e4gg b\u00e5de fr\u00f6n, st\u00e5ng och limeskivorna i rommen.<br \/>\n4. V\u00e4nd ner\u00a0 plommonen. T\u00e4ck och l\u00e5t st\u00e5 svalt i minst 4 veckor.<br \/>\n5. Servera \u201dRomtopf\u201d som\u00a0 dessert tillsammans med glass eller l\u00e4tt vispad gr\u00e4dde.<\/p>\n<p>Det g\u00e5r j\u00e4tte bra\u00a0 att fylla p\u00e5 med s\u00e4songens frukt vart efter men se till att fylla p\u00e5 med rom och\u00a0 r\u00e5socker ock\u00e5.<\/p>\n","protected":false},"excerpt":{"rendered":"<p>Romtopf. F\u00f6rra \u00e5ret s\u00e5 gjorde\u00a0 jag en s\u00e5 kallad \u201dRomtopf\u201d den \u00e4r j\u00e4tte god att njuta till efterr\u00e4tt i h\u00f6st och\u00a0 vinter. Vad \u00e4r d\u00e5 en \u201dRomtopf\u201d? Jo, man kan v\u00e4l s\u00e4ga att det frukt inlagd i\u00a0 rom helt enkelt. J\u00e4ttegott. 1 kilo frukt t.ex\u00a0 plommon, \u00e4pplen, jordgubbar eller vad du nu gillar. Det g\u00e5r &#8230; <a title=\"Spara sommaren p\u00e5 burk\" class=\"read-more\" href=\"http:\/\/gillgren.se\/?page_id=13\">L\u00e4s mer<span class=\"screen-reader-text\">Spara sommaren p\u00e5 burk<\/span><\/a><\/p>\n","protected":false},"author":1,"featured_media":0,"parent":2,"menu_order":18,"comment_status":"closed","ping_status":"closed","template":"","meta":[],"_links":{"self":[{"href":"http:\/\/gillgren.se\/index.php?rest_route=\/wp\/v2\/pages\/13"}],"collection":[{"href":"http:\/\/gillgren.se\/index.php?rest_route=\/wp\/v2\/pages"}],"about":[{"href":"http:\/\/gillgren.se\/index.php?rest_route=\/wp\/v2\/types\/page"}],"author":[{"embeddable":true,"href":"http:\/\/gillgren.se\/index.php?rest_route=\/wp\/v2\/users\/1"}],"replies":[{"embeddable":true,"href":"http:\/\/gillgren.se\/index.php?rest_route=%2Fwp%2Fv2%2Fcomments&post=13"}],"version-history":[{"count":8,"href":"http:\/\/gillgren.se\/index.php?rest_route=\/wp\/v2\/pages\/13\/revisions"}],"predecessor-version":[{"id":286,"href":"http:\/\/gillgren.se\/index.php?rest_route=\/wp\/v2\/pages\/13\/revisions\/286"}],"up":[{"embeddable":true,"href":"http:\/\/gillgren.se\/index.php?rest_route=\/wp\/v2\/pages\/2"}],"wp:attachment":[{"href":"http:\/\/gillgren.se\/index.php?rest_route=%2Fwp%2Fv2%2Fmedia&parent=13"}],"curies":[{"name":"wp","href":"https:\/\/api.w.org\/{rel}","templated":true}]}}