{"id":158,"date":"2012-04-19T19:49:11","date_gmt":"2012-04-19T19:49:11","guid":{"rendered":"http:\/\/gillgren.se\/?page_id=158"},"modified":"2012-08-16T10:46:43","modified_gmt":"2012-08-16T10:46:43","slug":"foton-2012","status":"publish","type":"page","link":"http:\/\/gillgren.se\/?page_id=158","title":{"rendered":"Foton 2012"},"content":{"rendered":"<p>H\u00e4r har vi samlat n\u00e5gra av \u00e5rets foton.<\/p>\n<p><a href=\"http:\/\/gillgren.se\/?attachment_id=187\" rel=\"attachment wp-att-187\"><img decoding=\"async\" loading=\"lazy\" class=\"size-thumbnail wp-image-187 alignleft\" title=\"20120816-124052.jpg\" src=\"http:\/\/media.gillgren.se\/2012\/08\/20120816-124052-150x150.jpg\" alt=\"\" width=\"150\" height=\"150\" \/><\/a><\/p>\n","protected":false},"excerpt":{"rendered":"<p>H\u00e4r har vi samlat n\u00e5gra av \u00e5rets foton.<\/p>\n","protected":false},"author":1,"featured_media":0,"parent":6,"menu_order":0,"comment_status":"closed","ping_status":"closed","template":"","meta":[],"_links":{"self":[{"href":"http:\/\/gillgren.se\/index.php?rest_route=\/wp\/v2\/pages\/158"}],"collection":[{"href":"http:\/\/gillgren.se\/index.php?rest_route=\/wp\/v2\/pages"}],"about":[{"href":"http:\/\/gillgren.se\/index.php?rest_route=\/wp\/v2\/types\/page"}],"author":[{"embeddable":true,"href":"http:\/\/gillgren.se\/index.php?rest_route=\/wp\/v2\/users\/1"}],"replies":[{"embeddable":true,"href":"http:\/\/gillgren.se\/index.php?rest_route=%2Fwp%2Fv2%2Fcomments&post=158"}],"version-history":[{"count":9,"href":"http:\/\/gillgren.se\/index.php?rest_route=\/wp\/v2\/pages\/158\/revisions"}],"predecessor-version":[{"id":310,"href":"http:\/\/gillgren.se\/index.php?rest_route=\/wp\/v2\/pages\/158\/revisions\/310"}],"up":[{"embeddable":true,"href":"http:\/\/gillgren.se\/index.php?rest_route=\/wp\/v2\/pages\/6"}],"wp:attachment":[{"href":"http:\/\/gillgren.se\/index.php?rest_route=%2Fwp%2Fv2%2Fmedia&parent=158"}],"curies":[{"name":"wp","href":"https:\/\/api.w.org\/{rel}","templated":true}]}}