{"id":257,"date":"2013-08-01T16:40:56","date_gmt":"2013-08-01T16:40:56","guid":{"rendered":"http:\/\/gillgren.se\/?page_id=257"},"modified":"2013-08-18T10:56:30","modified_gmt":"2013-08-18T10:56:30","slug":"fisksoppa-med-skaldjur","status":"publish","type":"page","link":"http:\/\/gillgren.se\/?page_id=257","title":{"rendered":"Fisksoppa med skaldjur"},"content":{"rendered":"<h1>Fisksoppa med skaldjur<\/h1>\n<p>F\u00e4rgstark fisksoppa med saffran, lax och skaldjur. Toppa med f\u00e4rsk koriander!<br \/>\n<em>Recept fr\u00e5n kokboken<\/em>\u00a0<em>Lax &#8211; fr\u00e5n vardag till lyx<\/em>.<\/p>\n<p><img decoding=\"async\" loading=\"lazy\" class=\"alignnone  wp-image-274\" alt=\"20130720_fisksoppa\" src=\"http:\/\/media.gillgren.se\/2013\/08\/20130720_fisksoppa.jpg\" width=\"360\" height=\"270\" \/><\/p>\n<p>&nbsp;<\/p>\n<p><strong>Antal portioner:\u00a0<\/strong>4<\/p>\n<p><strong>F\u00e4rdigt p\u00e5:\u00a0<\/strong>15 min<\/p>\n<p>&nbsp;<\/p>\n<p><strong>Ingredienser<\/strong><\/p>\n<p>500\u00a0g\u00a0laxfil\u00e9 utan skinn<br \/>\n1\u00a0st\u00a0gul l\u00f6k<br \/>\n2\u00a0st\u00a0vitl\u00f6ksklyftor<br \/>\n1\u00a0st\u00a0purjol\u00f6k<br \/>\n0.5\u00a0g\u00a0saffran (1 pkt)<br \/>\n1\u00a0msk\u00a0sm\u00f6r till stekning<br \/>\n1\u00a0msk\u00a0fiskfond<br \/>\n2-3\u00a0dl\u00a0vatten<br \/>\n2\u00a0dl\u00a0torrt vitt vin<br \/>\n1\u00a0dl\u00a0kaffegr\u00e4dde<br \/>\n20\u00a0st\u00a0r\u00e4kor, stora, skalade<br \/>\n10\u00a0st\u00a0musslor, stora med skal, tillagade<br \/>\n1\u00a0kruka\u00a0koriander<\/p>\n<p>&nbsp;<\/p>\n<h4>G\u00f6r s\u00e5 h\u00e4r<\/h4>\n<p itemprop=\"instruction\"><strong>1.\u00a0<\/strong>Dela laxen i 4\u20136 bitar.<\/p>\n<p itemprop=\"instruction\"><strong>2.\u00a0<\/strong>Skala och finhacka l\u00f6k och vitl\u00f6k, strimla purjol\u00f6ken.<\/p>\n<p itemprop=\"instruction\"><strong>3.\u00a0<\/strong>Fr\u00e4s l\u00f6k, vitl\u00f6k, purjol\u00f6k och saffran i sm\u00f6r i en stor kastrull eller trakt\u00f6rpanna.<\/p>\n<p itemprop=\"instruction\"><strong>4.\u00a0<\/strong>Tills\u00e4tt fiskfond, vatten och vin till fisksoppan.<\/p>\n<p itemprop=\"instruction\"><strong>5.\u00a0<\/strong>Sjud utan lock ca 10 minuter.<\/p>\n<p itemprop=\"instruction\"><strong>6.\u00a0<\/strong>Smaka av.<\/p>\n<p itemprop=\"instruction\"><strong>7.\u00a0<\/strong>H\u00e4ll i gr\u00e4dde och l\u00e4gg f\u00f6rsiktigt ned laxbitarna.<\/p>\n<p itemprop=\"instruction\"><strong>8.\u00a0<\/strong>Sjud din fisksoppa ca 5 minuter.<\/p>\n<p itemprop=\"instruction\"><strong>9.\u00a0<\/strong>L\u00e4gg ner r\u00e4kor och musslor och l\u00e5t dem bli varma utan att koka.<\/p>\n<p itemprop=\"instruction\"><strong>10.\u00a0<\/strong>Klipp \u00f6ver koriander \u00f6ver fisksoppan vid serveringen.<\/p>\n","protected":false},"excerpt":{"rendered":"<p>Fisksoppa med skaldjur F\u00e4rgstark fisksoppa med saffran, lax och skaldjur. Toppa med f\u00e4rsk koriander! Recept fr\u00e5n kokboken\u00a0Lax &#8211; fr\u00e5n vardag till lyx. &nbsp; Antal portioner:\u00a04 F\u00e4rdigt p\u00e5:\u00a015 min &nbsp; Ingredienser 500\u00a0g\u00a0laxfil\u00e9 utan skinn 1\u00a0st\u00a0gul l\u00f6k 2\u00a0st\u00a0vitl\u00f6ksklyftor 1\u00a0st\u00a0purjol\u00f6k 0.5\u00a0g\u00a0saffran (1 pkt) 1\u00a0msk\u00a0sm\u00f6r till stekning 1\u00a0msk\u00a0fiskfond 2-3\u00a0dl\u00a0vatten 2\u00a0dl\u00a0torrt vitt vin 1\u00a0dl\u00a0kaffegr\u00e4dde 20\u00a0st\u00a0r\u00e4kor, stora, skalade 10\u00a0st\u00a0musslor, stora med &#8230; <a title=\"Fisksoppa med skaldjur\" class=\"read-more\" href=\"http:\/\/gillgren.se\/?page_id=257\">L\u00e4s mer<span class=\"screen-reader-text\">Fisksoppa med skaldjur<\/span><\/a><\/p>\n","protected":false},"author":1,"featured_media":0,"parent":2,"menu_order":1,"comment_status":"closed","ping_status":"closed","template":"","meta":[],"_links":{"self":[{"href":"http:\/\/gillgren.se\/index.php?rest_route=\/wp\/v2\/pages\/257"}],"collection":[{"href":"http:\/\/gillgren.se\/index.php?rest_route=\/wp\/v2\/pages"}],"about":[{"href":"http:\/\/gillgren.se\/index.php?rest_route=\/wp\/v2\/types\/page"}],"author":[{"embeddable":true,"href":"http:\/\/gillgren.se\/index.php?rest_route=\/wp\/v2\/users\/1"}],"replies":[{"embeddable":true,"href":"http:\/\/gillgren.se\/index.php?rest_route=%2Fwp%2Fv2%2Fcomments&post=257"}],"version-history":[{"count":6,"href":"http:\/\/gillgren.se\/index.php?rest_route=\/wp\/v2\/pages\/257\/revisions"}],"predecessor-version":[{"id":277,"href":"http:\/\/gillgren.se\/index.php?rest_route=\/wp\/v2\/pages\/257\/revisions\/277"}],"up":[{"embeddable":true,"href":"http:\/\/gillgren.se\/index.php?rest_route=\/wp\/v2\/pages\/2"}],"wp:attachment":[{"href":"http:\/\/gillgren.se\/index.php?rest_route=%2Fwp%2Fv2%2Fmedia&parent=257"}],"curies":[{"name":"wp","href":"https:\/\/api.w.org\/{rel}","templated":true}]}}