{"id":288,"date":"2013-08-18T11:10:17","date_gmt":"2013-08-18T11:10:17","guid":{"rendered":"http:\/\/gillgren.se\/?page_id=288"},"modified":"2013-08-18T11:17:51","modified_gmt":"2013-08-18T11:17:51","slug":"christinas-seglarkaka","status":"publish","type":"page","link":"https:\/\/gillgren.se\/?page_id=288","title":{"rendered":"Christinas Seglarkaka"},"content":{"rendered":"<p>Om man som Bj\u00f6rn och Chris seglar fr\u00e5n Australien till Medelhavet s\u00e5 beh\u00f6ver man ha recept p\u00e5 enkla saker att laga. Den h\u00e4r kakan beh\u00f6ver man inte ha n\u00e5gon ugn f\u00f6r att tillaga.<\/p>\n<p><img decoding=\"async\" loading=\"lazy\" class=\"alignnone  wp-image-290\" alt=\"20130724_chris_bjorn\" src=\"http:\/\/media.gillgren.se\/2013\/08\/20130724_chris_bjorn.jpg\" width=\"360\" height=\"270\" \/><\/p>\n<p>1 burk valn\u00f6tter<br \/>\n1 paket Mariekex<br \/>\n1 burk konserverad mj\u00f6lk (m\u00e4rket Rain-Bow)<br \/>\n1 dl whisky eller punch<br \/>\nBlockchoklad<\/p>\n<p>G\u00f6r s\u00e5h\u00e4r:<br \/>\nKrossa valn\u00f6tterna och kexen, blanda detta med den\u00a0konserverad mj\u00f6lken och whiskyn.<br \/>\nL\u00e5t det st\u00e5 och dra.<br \/>\nForma degen till en limpa.<br \/>\nPensla p\u00e5 med sm\u00e4lt blockchoklad.<\/p>\n<p>Sedan \u00e4r det bara att njuta&#8230;.<\/p>\n","protected":false},"excerpt":{"rendered":"<p>Om man som Bj\u00f6rn och Chris seglar fr\u00e5n Australien till Medelhavet s\u00e5 beh\u00f6ver man ha recept p\u00e5 enkla saker att laga. Den h\u00e4r kakan beh\u00f6ver man inte ha n\u00e5gon ugn f\u00f6r att tillaga. 1 burk valn\u00f6tter 1 paket Mariekex 1 burk konserverad mj\u00f6lk (m\u00e4rket Rain-Bow) 1 dl whisky eller punch Blockchoklad G\u00f6r s\u00e5h\u00e4r: Krossa valn\u00f6tterna &#8230; <a title=\"Christinas Seglarkaka\" class=\"read-more\" href=\"https:\/\/gillgren.se\/?page_id=288\">L\u00e4s mer<span class=\"screen-reader-text\">Christinas Seglarkaka<\/span><\/a><\/p>\n","protected":false},"author":1,"featured_media":0,"parent":2,"menu_order":86,"comment_status":"closed","ping_status":"closed","template":"","meta":[],"_links":{"self":[{"href":"https:\/\/gillgren.se\/index.php?rest_route=\/wp\/v2\/pages\/288"}],"collection":[{"href":"https:\/\/gillgren.se\/index.php?rest_route=\/wp\/v2\/pages"}],"about":[{"href":"https:\/\/gillgren.se\/index.php?rest_route=\/wp\/v2\/types\/page"}],"author":[{"embeddable":true,"href":"https:\/\/gillgren.se\/index.php?rest_route=\/wp\/v2\/users\/1"}],"replies":[{"embeddable":true,"href":"https:\/\/gillgren.se\/index.php?rest_route=%2Fwp%2Fv2%2Fcomments&post=288"}],"version-history":[{"count":3,"href":"https:\/\/gillgren.se\/index.php?rest_route=\/wp\/v2\/pages\/288\/revisions"}],"predecessor-version":[{"id":292,"href":"https:\/\/gillgren.se\/index.php?rest_route=\/wp\/v2\/pages\/288\/revisions\/292"}],"up":[{"embeddable":true,"href":"https:\/\/gillgren.se\/index.php?rest_route=\/wp\/v2\/pages\/2"}],"wp:attachment":[{"href":"https:\/\/gillgren.se\/index.php?rest_route=%2Fwp%2Fv2%2Fmedia&parent=288"}],"curies":[{"name":"wp","href":"https:\/\/api.w.org\/{rel}","templated":true}]}}