{"id":60,"date":"2011-06-06T19:53:17","date_gmt":"2011-06-06T19:53:17","guid":{"rendered":"http:\/\/gillgren.se\/?page_id=60"},"modified":"2012-04-19T19:52:59","modified_gmt":"2012-04-19T19:52:59","slug":"2010-angelsbacks-strand","status":"publish","type":"page","link":"https:\/\/gillgren.se\/?page_id=60","title":{"rendered":"2010 \u00c4ngelsb\u00e4cks strand"},"content":{"rendered":"<p>\u00c4ngelsb\u00e4cks strand p\u00e5 bj\u00e4rehalv\u00f6n i sk\u00e5ne. Fotade 15 juli 2010.<\/p>\n<figure id=\"attachment_61\" aria-describedby=\"caption-attachment-61\" style=\"width: 590px\" class=\"wp-caption alignnone\"><a href=\"http:\/\/media.gillgren.se\/2011\/06\/20100715__MG_5647.jpg\"><img decoding=\"async\" loading=\"lazy\" class=\"size-full wp-image-61\" title=\"20100715_IMG_5647\" src=\"http:\/\/media.gillgren.se\/2011\/06\/20100715__MG_5647.jpg\" alt=\"\" width=\"600\" height=\"400\" srcset=\"http:\/\/media.gillgren.se\/2011\/06\/20100715__MG_5647.jpg 600w, http:\/\/media.gillgren.se\/2011\/06\/20100715__MG_5647-300x200.jpg 300w\" sizes=\"(max-width: 600px) 100vw, 600px\" \/><\/a><figcaption id=\"caption-attachment-61\" class=\"wp-caption-text\">Ensam h\u00e4st p\u00e5 stranden.<\/figcaption><\/figure>\n<figure id=\"attachment_62\" aria-describedby=\"caption-attachment-62\" style=\"width: 590px\" class=\"wp-caption alignnone\"><a href=\"http:\/\/media.gillgren.se\/2011\/06\/20100715__MG_5656.jpg\"><img decoding=\"async\" loading=\"lazy\" class=\"size-full wp-image-62\" title=\"20100715_IMG_5656\" src=\"http:\/\/media.gillgren.se\/2011\/06\/20100715__MG_5656.jpg\" alt=\"\" width=\"600\" height=\"400\" srcset=\"http:\/\/media.gillgren.se\/2011\/06\/20100715__MG_5656.jpg 600w, http:\/\/media.gillgren.se\/2011\/06\/20100715__MG_5656-300x200.jpg 300w\" sizes=\"(max-width: 600px) 100vw, 600px\" \/><\/a><figcaption id=\"caption-attachment-62\" class=\"wp-caption-text\">H\u00e4sten i motsol<\/figcaption><\/figure>\n<figure id=\"attachment_63\" aria-describedby=\"caption-attachment-63\" style=\"width: 590px\" class=\"wp-caption alignnone\"><a href=\"http:\/\/media.gillgren.se\/2011\/06\/20100715__MG_5657.jpg\"><img decoding=\"async\" loading=\"lazy\" class=\"size-full wp-image-63\" title=\"20100715_IMG_5657\" src=\"http:\/\/media.gillgren.se\/2011\/06\/20100715__MG_5657.jpg\" alt=\"\" width=\"600\" height=\"385\" srcset=\"http:\/\/media.gillgren.se\/2011\/06\/20100715__MG_5657.jpg 600w, http:\/\/media.gillgren.se\/2011\/06\/20100715__MG_5657-300x192.jpg 300w\" sizes=\"(max-width: 600px) 100vw, 600px\" \/><\/a><figcaption id=\"caption-attachment-63\" class=\"wp-caption-text\">Skimmel p\u00e5 \u00e4ngelsb\u00e4cks strand<\/figcaption><\/figure>\n<figure id=\"attachment_64\" aria-describedby=\"caption-attachment-64\" style=\"width: 590px\" class=\"wp-caption alignnone\"><a href=\"http:\/\/media.gillgren.se\/2011\/06\/20100715__MG_5661.jpg\"><img decoding=\"async\" loading=\"lazy\" class=\"size-full wp-image-64\" title=\"20100715_IMG_5661\" src=\"http:\/\/media.gillgren.se\/2011\/06\/20100715__MG_5661.jpg\" alt=\"\" width=\"600\" height=\"310\" srcset=\"http:\/\/media.gillgren.se\/2011\/06\/20100715__MG_5661.jpg 600w, http:\/\/media.gillgren.se\/2011\/06\/20100715__MG_5661-300x155.jpg 300w\" sizes=\"(max-width: 600px) 100vw, 600px\" \/><\/a><figcaption id=\"caption-attachment-64\" class=\"wp-caption-text\">Den var inte ensam. Den hade ett f\u00f6l.<\/figcaption><\/figure>\n<figure id=\"attachment_65\" aria-describedby=\"caption-attachment-65\" style=\"width: 590px\" class=\"wp-caption alignnone\"><a href=\"http:\/\/media.gillgren.se\/2011\/06\/20100715__MG_5663.jpg\"><img decoding=\"async\" loading=\"lazy\" class=\"size-full wp-image-65\" title=\"20100715_IMG_5663\" src=\"http:\/\/media.gillgren.se\/2011\/06\/20100715__MG_5663.jpg\" alt=\"\" width=\"600\" height=\"389\" srcset=\"http:\/\/media.gillgren.se\/2011\/06\/20100715__MG_5663.jpg 600w, http:\/\/media.gillgren.se\/2011\/06\/20100715__MG_5663-300x194.jpg 300w\" sizes=\"(max-width: 600px) 100vw, 600px\" \/><\/a><figcaption id=\"caption-attachment-65\" class=\"wp-caption-text\">Oj vad m\u00e5nga de blev.<\/figcaption><\/figure>\n","protected":false},"excerpt":{"rendered":"<p>\u00c4ngelsb\u00e4cks strand p\u00e5 bj\u00e4rehalv\u00f6n i sk\u00e5ne. Fotade 15 juli 2010.<\/p>\n","protected":false},"author":1,"featured_media":0,"parent":166,"menu_order":2,"comment_status":"closed","ping_status":"closed","template":"","meta":[],"_links":{"self":[{"href":"https:\/\/gillgren.se\/index.php?rest_route=\/wp\/v2\/pages\/60"}],"collection":[{"href":"https:\/\/gillgren.se\/index.php?rest_route=\/wp\/v2\/pages"}],"about":[{"href":"https:\/\/gillgren.se\/index.php?rest_route=\/wp\/v2\/types\/page"}],"author":[{"embeddable":true,"href":"https:\/\/gillgren.se\/index.php?rest_route=\/wp\/v2\/users\/1"}],"replies":[{"embeddable":true,"href":"https:\/\/gillgren.se\/index.php?rest_route=%2Fwp%2Fv2%2Fcomments&post=60"}],"version-history":[{"count":2,"href":"https:\/\/gillgren.se\/index.php?rest_route=\/wp\/v2\/pages\/60\/revisions"}],"predecessor-version":[{"id":169,"href":"https:\/\/gillgren.se\/index.php?rest_route=\/wp\/v2\/pages\/60\/revisions\/169"}],"up":[{"embeddable":true,"href":"https:\/\/gillgren.se\/index.php?rest_route=\/wp\/v2\/pages\/166"}],"wp:attachment":[{"href":"https:\/\/gillgren.se\/index.php?rest_route=%2Fwp%2Fv2%2Fmedia&parent=60"}],"curies":[{"name":"wp","href":"https:\/\/api.w.org\/{rel}","templated":true}]}}